{"id":1815,"date":"2023-02-02T07:34:23","date_gmt":"2023-02-02T07:34:23","guid":{"rendered":"https:\/\/ceasa.com\/empresa\/"},"modified":"2023-02-16T08:56:29","modified_gmt":"2023-02-16T08:56:29","slug":"company","status":"publish","type":"page","link":"https:\/\/ceasa.com\/en\/company\/","title":{"rendered":"Company"},"content":{"rendered":"<div class=\"wpb-content-wrapper\"><p>[vc_row][vc_column][vc_empty_space height=&#8221;20px&#8221; alter_height=&#8221;medium&#8221; hide_on_mobile=&#8221;&#8221; css=&#8221;.vc_custom_1675929166041{margin-bottom: 1.3rem !important;}&#8221;][\/vc_column][vc_column width=&#8221;1\/2&#8243;][vc_single_image image=&#8221;1422&#8243; img_size=&#8221;full&#8221;][vc_empty_space alter_height=&#8221;huge&#8221; hide_on_mobile=&#8221;&#8221;][\/vc_column][vc_column width=&#8221;1\/2&#8243; offset=&#8221;vc_col-sm-offset-0&#8243; css=&#8221;.vc_custom_1675423101572{margin-top: -0.15rem !important;padding-left: 6rem !important;}&#8221;]<div id=\"sc_title_2139876968\"\r\n\t\tclass=\"sc_title sc_title_default\"><h6 class=\"sc_item_subtitle sc_title_subtitle sc_align_default sc_item_title_style_default\">Know us<\/h6><h3 class=\"sc_item_title sc_title_title sc_align_default sc_item_title_style_default\">Your trusted advisors<\/h3><\/div><!-- \/.sc_title -->[vc_empty_space alter_height=&#8221;small&#8221; hide_on_mobile=&#8221;&#8221; css=&#8221;.vc_custom_1485250343677{margin-bottom: 0.7rem !important;}&#8221;][vc_column_text css=&#8221;.vc_custom_1676469261272{margin-right: 3rem !important;border-left-width: 2px !important;padding-left: 3rem !important;border-left-color: #c6b477 !important;border-left-style: solid !important;}&#8221;]<\/p>\n<p style=\"text-align: justify;\"><strong>CEASA ASESORES FISCALES, SL<\/strong> is a company founded in 1983. We provide tax and labour advice, and other services related to these areas. We work closely with other external reinforcement professionals that allow us to expand our services. This partnership makes us to offer a comprehensive and global advice, covering the complete processing in many fields.<\/p>\n<p>[\/vc_column_text][vc_empty_space height=&#8221;20px&#8221; alter_height=&#8221;medium&#8221; hide_on_mobile=&#8221;&#8221; css=&#8221;.vc_custom_1675929044554{margin-bottom: 0.6rem !important;}&#8221;][\/vc_column][\/vc_row][vc_row full_width=&#8221;stretch_row&#8221; css=&#8221;.vc_custom_1675412254548{background-color: #faf9f5 !important;}&#8221;][vc_column width=&#8221;1\/2&#8243; css=&#8221;.vc_custom_1675423106833{padding-right: 6rem !important;}&#8221;][vc_empty_space height=&#8221;40px&#8221; alter_height=&#8221;medium&#8221; hide_on_mobile=&#8221;&#8221; css=&#8221;.vc_custom_1675928930665{margin-bottom: 0.7rem !important;}&#8221;]<div id=\"sc_title_1589178472\"\r\n\t\tclass=\"sc_title sc_title_default\"><h6 class=\"sc_item_subtitle sc_title_subtitle sc_align_default sc_item_title_style_default\">At Ceasa we give you much more<\/h6><h3 class=\"sc_item_title sc_title_title sc_align_default sc_item_title_style_default\">International Advice<\/h3><\/div><!-- \/.sc_title -->[vc_empty_space alter_height=&#8221;small&#8221; hide_on_mobile=&#8221;&#8221; css=&#8221;.vc_custom_1485250343677{margin-bottom: 0.7rem !important;}&#8221;][vc_column_text css=&#8221;.vc_custom_1676469473597{margin-right: 3rem !important;border-left-width: 2px !important;padding-left: 3rem !important;border-left-color: #c6b477 !important;border-left-style: solid !important;}&#8221;]<\/p>\n<p style=\"text-align: justify;\"><strong>CEASA<\/strong> is one of the companies affiliated to the Economists College of Catalonia. In parallel, we are members\u00a0of the IAPA International, a global association of independent accounting, law and business advisory firms who provide accountancy, audit, tax advisory, legal and business consultancy services, a fact that allow us to offer services to a wider territorial level because this association operates internationally.<\/p>\n<p>[\/vc_column_text][vc_empty_space height=&#8221;40px&#8221; alter_height=&#8221;medium&#8221; hide_on_mobile=&#8221;&#8221; css=&#8221;.vc_custom_1675928941409{margin-bottom: 0.6rem !important;}&#8221;][\/vc_column][vc_column width=&#8221;1\/2&#8243;][vc_empty_space height=&#8221;40px&#8221; alter_height=&#8221;medium&#8221; hide_on_mobile=&#8221;&#8221; css=&#8221;.vc_custom_1675928935800{margin-bottom: 0.7rem !important;}&#8221;][vc_single_image image=&#8221;1323&#8243; img_size=&#8221;full&#8221;][vc_empty_space alter_height=&#8221;medium&#8221; hide_on_mobile=&#8221;&#8221; css=&#8221;.vc_custom_1485250422706{margin-bottom: 0.6rem !important;}&#8221;][\/vc_column][\/vc_row][vc_row][vc_column][vc_empty_space height=&#8221;30px&#8221; alter_height=&#8221;small&#8221; hide_on_mobile=&#8221;&#8221; css=&#8221;.vc_custom_1675928588426{margin-bottom: 1.3rem !important;}&#8221;][\/vc_column][vc_column width=&#8221;1\/2&#8243;][vc_empty_space alter_height=&#8221;medium&#8221; hide_on_mobile=&#8221;&#8221;][vc_single_image image=&#8221;1366&#8243; img_size=&#8221;full&#8221;][vc_empty_space alter_height=&#8221;huge&#8221; hide_on_mobile=&#8221;&#8221;][\/vc_column][vc_column width=&#8221;1\/2&#8243; offset=&#8221;vc_col-sm-offset-0&#8243; css=&#8221;.vc_custom_1485250047173{margin-top: -0.15rem !important;padding-left: 6rem !important;}&#8221;]<div id=\"sc_title_288647358\"\r\n\t\tclass=\"sc_title sc_title_default\"><h6 class=\"sc_item_subtitle sc_title_subtitle sc_align_default sc_item_title_style_default\">Services<\/h6><h3 class=\"sc_item_title sc_title_title sc_align_default sc_item_title_style_default\">Wide range of services<\/h3><\/div><!-- \/.sc_title -->[vc_empty_space alter_height=&#8221;small&#8221; hide_on_mobile=&#8221;&#8221; css=&#8221;.vc_custom_1485250343677{margin-bottom: 0.7rem !important;}&#8221;][vc_column_text css=&#8221;.vc_custom_1676469524412{margin-right: 3rem !important;border-left-width: 2px !important;padding-left: 3rem !important;border-left-color: #c6b477 !important;border-left-style: solid !important;}&#8221;]<\/p>\n<p style=\"text-align: justify;\">We work with a wide range of specialty areas but it should be pointed out our experience in emerging companies related to new technologies, which is why we have a large group of start-ups among our customers. We also advise companies of diverse sectors such as chemicals, textile, construction, metal, meat, tour operators, trading, IT and medical-pharmaceutical, among others. On the other hand, we deal with appeals before the administrative courts with a high degree of specialization in the field.<\/p>\n<p>[\/vc_column_text][vc_empty_space alter_height=&#8221;medium&#8221; hide_on_mobile=&#8221;&#8221; css=&#8221;.vc_custom_1485250422706{margin-bottom: 0.6rem !important;}&#8221;]<div class=\"sc_item_button sc_button_wrap sc_align_center\"><a href=\"\/en\/ourservices\" id=\"sc_button_2071127569\" class=\"sc_button sc_button_dark_button sc_button_size_normal sc_button_icon_left\"><span class=\"sc_button_text\"><span class=\"sc_button_title\">Discover our services<\/span><\/span><!-- \/.sc_button_text --><\/a><!-- \/.sc_button --><\/div><!-- \/.sc_item_button -->[vc_empty_space alter_height=&#8221;medium&#8221; hide_on_mobile=&#8221;&#8221; css=&#8221;.vc_custom_1485250422706{margin-bottom: 0.6rem !important;}&#8221;][\/vc_column][\/vc_row][vc_row full_width=&#8221;stretch_row&#8221; css=&#8221;.vc_custom_1675417297302{background-color: #faf9f5 !important;}&#8221;][vc_column][vc_empty_space alter_height=&#8221;none&#8221; hide_on_mobile=&#8221;&#8221;][\/vc_column][\/vc_row][vc_row full_width=&#8221;stretch_row&#8221; css=&#8221;.vc_custom_1675416793999{background-color: #faf9f5 !important;}&#8221;][vc_column width=&#8221;1\/2&#8243; css=&#8221;.vc_custom_1675423203639{padding-right: 6rem !important;}&#8221;][vc_empty_space height=&#8221;15px&#8221; alter_height=&#8221;small&#8221; hide_on_mobile=&#8221;&#8221; css=&#8221;.vc_custom_1675928812553{margin-bottom: 0.7rem !important;}&#8221;]<div id=\"sc_title_791997566\"\r\n\t\tclass=\"sc_title sc_title_default\"><h6 class=\"sc_item_subtitle sc_title_subtitle sc_align_default sc_item_title_style_default\">Our team<\/h6><h3 class=\"sc_item_title sc_title_title sc_align_default sc_item_title_style_default\">Stable staff of professionals<\/h3><\/div><!-- \/.sc_title -->[vc_empty_space alter_height=&#8221;small&#8221; hide_on_mobile=&#8221;&#8221; css=&#8221;.vc_custom_1485250343677{margin-bottom: 0.7rem !important;}&#8221;][vc_column_text css=&#8221;.vc_custom_1676469616940{margin-right: 3rem !important;border-left-width: 2px !important;padding-left: 3rem !important;border-left-color: #c6b477 !important;border-left-style: solid !important;}&#8221;]<\/p>\n<p style=\"text-align: justify;\">Company&#8217;s owner and director is\u00a0<strong>Angel E. P\u00e9rez L\u00f3pez<\/strong> and the general manager is\u00a0<strong>Bartolom\u00e9 Rom\u00e1n Ant\u00f3n<\/strong>. Both are tax advisors and specialists in business tax law and they are also entered in the registers of tax consultants. We have a staff of professional stable, so that the confidentiality of customer data as well as a solid understanding of the dynamics of them is guaranteed, providing a service with integrity and professionalism.<\/p>\n<p>[\/vc_column_text][vc_empty_space alter_height=&#8221;medium&#8221; hide_on_mobile=&#8221;&#8221; css=&#8221;.vc_custom_1485250422706{margin-bottom: 0.6rem !important;}&#8221;]<div class=\"sc_item_button sc_button_wrap sc_align_center\"><a href=\"\/en\/team\" id=\"sc_button_346276711\" class=\"sc_button sc_button_dark_button sc_button_size_normal sc_button_icon_left\"><span class=\"sc_button_text\"><span class=\"sc_button_title\">Meet our team<\/span><\/span><!-- \/.sc_button_text --><\/a><!-- \/.sc_button --><\/div><!-- \/.sc_item_button -->[vc_empty_space alter_height=&#8221;none&#8221; hide_on_mobile=&#8221;&#8221; css=&#8221;.vc_custom_1675422818858{margin-bottom: 0.6rem !important;}&#8221;][\/vc_column][vc_column width=&#8221;1\/2&#8243;][vc_row_inner][vc_column_inner width=&#8221;1\/2&#8243;][vc_empty_space height=&#8221;20px&#8221; alter_height=&#8221;none&#8221; hide_on_mobile=&#8221;&#8221;][vc_single_image image=&#8221;1250&#8243; img_size=&#8221;full&#8221; alignment=&#8221;center&#8221;][vc_empty_space height=&#8221;10px&#8221; alter_height=&#8221;none&#8221; hide_on_mobile=&#8221;&#8221;][vc_column_text]<\/p>\n<h5 class=\"mkdf-team-name\" style=\"text-align: center;\"><strong>\u00c1ngel-Enrique P\u00e9rez<\/strong><\/h5>\n<p style=\"text-align: center;\">Partner-Director<\/p>\n<p>[\/vc_column_text][\/vc_column_inner][vc_column_inner width=&#8221;1\/2&#8243;][vc_empty_space height=&#8221;20px&#8221; alter_height=&#8221;none&#8221; hide_on_mobile=&#8221;&#8221;][vc_single_image image=&#8221;1249&#8243; img_size=&#8221;full&#8221; alignment=&#8221;center&#8221;][vc_empty_space height=&#8221;10px&#8221; alter_height=&#8221;none&#8221; hide_on_mobile=&#8221;&#8221;][vc_column_text]<\/p>\n<h5 class=\"mkdf-team-name\" style=\"text-align: center;\"><strong>Bartolom\u00e9 Rom\u00e1n<\/strong><\/h5>\n<p style=\"text-align: center;\">Tax Advisor and CEO<\/p>\n<p>[\/vc_column_text][\/vc_column_inner][\/vc_row_inner][vc_empty_space alter_height=&#8221;none&#8221; hide_on_mobile=&#8221;&#8221;][\/vc_column][\/vc_row]<\/p>\n<\/div>","protected":false},"excerpt":{"rendered":"<p>[vc_row][vc_column][vc_empty_space height=&#8221;20px&#8221; alter_height=&#8221;medium&#8221; hide_on_mobile=&#8221;&#8221; css=&#8221;.vc_custom_1675929166041{margin-bottom: 1.3rem !important;}&#8221;][\/vc_column][vc_column width=&#8221;1\/2&#8243;][vc_single_image image=&#8221;1422&#8243; img_size=&#8221;full&#8221;][vc_empty_space alter_height=&#8221;huge&#8221; hide_on_mobile=&#8221;&#8221;][\/vc_column][vc_column width=&#8221;1\/2&#8243; offset=&#8221;vc_col-sm-offset-0&#8243; css=&#8221;.vc_custom_1675423101572{margin-top: -0.15rem !important;padding-left: 6rem !important;}&#8221;][vc_empty_space alter_height=&#8221;small&#8221; hide_on_mobile=&#8221;&#8221; css=&#8221;.vc_custom_1485250343677{margin-bottom: 0.7rem !important;}&#8221;][vc_column_text css=&#8221;.vc_custom_1676469261272{margin-right: 3rem !important;border-left-width: 2px !important;padding-left: 3rem !important;border-left-color: #c6b477 !important;border-left-style: solid !important;}&#8221;] CEASA ASESORES FISCALES, SL is a company founded in 1983. We provide tax and labour advice, and other services related to these areas. We work&hellip;<\/p>\n","protected":false},"author":1,"featured_media":0,"parent":0,"menu_order":0,"comment_status":"closed","ping_status":"closed","template":"","meta":{"footnotes":""},"class_list":["post-1815","page","type-page","status-publish","hentry"],"aioseo_notices":[],"_links":{"self":[{"href":"https:\/\/ceasa.com\/en\/wp-json\/wp\/v2\/pages\/1815","targetHints":{"allow":["GET"]}}],"collection":[{"href":"https:\/\/ceasa.com\/en\/wp-json\/wp\/v2\/pages"}],"about":[{"href":"https:\/\/ceasa.com\/en\/wp-json\/wp\/v2\/types\/page"}],"author":[{"embeddable":true,"href":"https:\/\/ceasa.com\/en\/wp-json\/wp\/v2\/users\/1"}],"replies":[{"embeddable":true,"href":"https:\/\/ceasa.com\/en\/wp-json\/wp\/v2\/comments?post=1815"}],"version-history":[{"count":5,"href":"https:\/\/ceasa.com\/en\/wp-json\/wp\/v2\/pages\/1815\/revisions"}],"predecessor-version":[{"id":1896,"href":"https:\/\/ceasa.com\/en\/wp-json\/wp\/v2\/pages\/1815\/revisions\/1896"}],"wp:attachment":[{"href":"https:\/\/ceasa.com\/en\/wp-json\/wp\/v2\/media?parent=1815"}],"curies":[{"name":"wp","href":"https:\/\/api.w.org\/{rel}","templated":true}]}}