{"id":1809,"date":"2023-02-02T07:34:23","date_gmt":"2023-02-02T07:34:23","guid":{"rendered":"https:\/\/ceasa.com\/empresa\/"},"modified":"2023-02-16T08:29:27","modified_gmt":"2023-02-16T08:29:27","slug":"empresa","status":"publish","type":"page","link":"https:\/\/ceasa.com\/ca\/empresa\/","title":{"rendered":"Empresa"},"content":{"rendered":"<div class=\"wpb-content-wrapper\"><p>[vc_row][vc_column][vc_empty_space height=&#8221;20px&#8221; alter_height=&#8221;medium&#8221; hide_on_mobile=&#8221;&#8221; css=&#8221;.vc_custom_1675929166041{margin-bottom: 1.3rem !important;}&#8221;][\/vc_column][vc_column width=&#8221;1\/2&#8243;][vc_single_image image=&#8221;1422&#8243; img_size=&#8221;full&#8221;][vc_empty_space alter_height=&#8221;huge&#8221; hide_on_mobile=&#8221;&#8221;][\/vc_column][vc_column width=&#8221;1\/2&#8243; offset=&#8221;vc_col-sm-offset-0&#8243; css=&#8221;.vc_custom_1675423101572{margin-top: -0.15rem !important;padding-left: 6rem !important;}&#8221;]<div id=\"sc_title_1873357583\"\r\n\t\tclass=\"sc_title sc_title_default\"><h6 class=\"sc_item_subtitle sc_title_subtitle sc_align_default sc_item_title_style_default\">Coneix-nos<\/h6><h3 class=\"sc_item_title sc_title_title sc_align_default sc_item_title_style_default\">Els teus assessors de confian\u00e7a<\/h3><\/div><!-- \/.sc_title -->[vc_empty_space alter_height=&#8221;small&#8221; hide_on_mobile=&#8221;&#8221; css=&#8221;.vc_custom_1485250343677{margin-bottom: 0.7rem !important;}&#8221;][vc_column_text css=&#8221;.vc_custom_1676465275228{margin-right: 3rem !important;border-left-width: 2px !important;padding-left: 3rem !important;border-left-color: #c6b477 !important;border-left-style: solid !important;}&#8221;]<\/p>\n<p style=\"text-align: justify;\"><span class=\"TextRun SCXW171483881 BCX0\" lang=\"ES-ES\" xml:lang=\"ES-ES\" data-contrast=\"none\"><span class=\"NormalTextRun SCXW171483881 BCX0\"><strong>CEASA ASESORES FISCALES, S.L <\/strong>\u00e9s una companyia fundada l&#8217;any 1983. Oferim serveis d&#8217;assessoria fiscal i laboral, i d&#8217;altres relacionats amb aquests \u00e0mbits. Col\u00b7laborem estretament amb altres professionals de refor\u00e7 extern que ens permeten ampliar els nostres serveis. Aquesta col\u00b7laboraci\u00f3 fa que oferim un servei d&#8217;assessorament integral i global, abastant la tramitaci\u00f3n de gestions en molts diversos camps de treball.<\/span><\/span><\/p>\n<p>[\/vc_column_text][vc_empty_space height=&#8221;20px&#8221; alter_height=&#8221;medium&#8221; hide_on_mobile=&#8221;&#8221; css=&#8221;.vc_custom_1675929044554{margin-bottom: 0.6rem !important;}&#8221;][\/vc_column][\/vc_row][vc_row full_width=&#8221;stretch_row&#8221; css=&#8221;.vc_custom_1675412254548{background-color: #faf9f5 !important;}&#8221;][vc_column width=&#8221;1\/2&#8243; css=&#8221;.vc_custom_1675423106833{padding-right: 6rem !important;}&#8221;][vc_empty_space height=&#8221;40px&#8221; alter_height=&#8221;medium&#8221; hide_on_mobile=&#8221;&#8221; css=&#8221;.vc_custom_1675928930665{margin-bottom: 0.7rem !important;}&#8221;]<div id=\"sc_title_267014147\"\r\n\t\tclass=\"sc_title sc_title_default\"><h6 class=\"sc_item_subtitle sc_title_subtitle sc_align_default sc_item_title_style_default\">A Ceasa et donem molt m\u00e9s<\/h6><h3 class=\"sc_item_title sc_title_title sc_align_default sc_item_title_style_default\">Assessorament Internacional<\/h3><\/div><!-- \/.sc_title -->[vc_empty_space alter_height=&#8221;small&#8221; hide_on_mobile=&#8221;&#8221; css=&#8221;.vc_custom_1485250343677{margin-bottom: 0.7rem !important;}&#8221;][vc_column_text css=&#8221;.vc_custom_1676463609953{margin-right: 3rem !important;border-left-width: 2px !important;padding-left: 3rem !important;border-left-color: #c6b477 !important;border-left-style: solid !important;}&#8221;]<\/p>\n<p style=\"text-align: justify;\"><strong>CEASA<\/strong> forma part del Registre de Societats Adscrites al Col\u00b7legi d\u2019Economistes de Catalunya. Paral\u00b7lelament, tamb\u00e9\u00a0forma part de la IAPA Internacional, una associaci\u00f3 que ofereix serveis a nivell d\u2019assessorament fiscal, legal, laboral i comptable, fet que ens permet oferir serveis a un nivell territorial m\u00e9s ampli, ja que aquesta associaci\u00f3 opera a nivell internacional.<\/p>\n<p>[\/vc_column_text][vc_empty_space height=&#8221;40px&#8221; alter_height=&#8221;medium&#8221; hide_on_mobile=&#8221;&#8221; css=&#8221;.vc_custom_1675928941409{margin-bottom: 0.6rem !important;}&#8221;][\/vc_column][vc_column width=&#8221;1\/2&#8243;][vc_empty_space height=&#8221;40px&#8221; alter_height=&#8221;medium&#8221; hide_on_mobile=&#8221;&#8221; css=&#8221;.vc_custom_1675928935800{margin-bottom: 0.7rem !important;}&#8221;][vc_single_image image=&#8221;1323&#8243; img_size=&#8221;full&#8221;][vc_empty_space alter_height=&#8221;medium&#8221; hide_on_mobile=&#8221;&#8221; css=&#8221;.vc_custom_1485250422706{margin-bottom: 0.6rem !important;}&#8221;][\/vc_column][\/vc_row][vc_row][vc_column][vc_empty_space height=&#8221;30px&#8221; alter_height=&#8221;small&#8221; hide_on_mobile=&#8221;&#8221; css=&#8221;.vc_custom_1675928588426{margin-bottom: 1.3rem !important;}&#8221;][\/vc_column][vc_column width=&#8221;1\/2&#8243;][vc_empty_space alter_height=&#8221;medium&#8221; hide_on_mobile=&#8221;&#8221;][vc_single_image image=&#8221;1366&#8243; img_size=&#8221;full&#8221;][vc_empty_space alter_height=&#8221;huge&#8221; hide_on_mobile=&#8221;&#8221;][\/vc_column][vc_column width=&#8221;1\/2&#8243; offset=&#8221;vc_col-sm-offset-0&#8243; css=&#8221;.vc_custom_1485250047173{margin-top: -0.15rem !important;padding-left: 6rem !important;}&#8221;]<div id=\"sc_title_1777798822\"\r\n\t\tclass=\"sc_title sc_title_default\"><h6 class=\"sc_item_subtitle sc_title_subtitle sc_align_default sc_item_title_style_default\">Serveis<\/h6><h3 class=\"sc_item_title sc_title_title sc_align_default sc_item_title_style_default\">Ampli ventall de serveis<\/h3><\/div><!-- \/.sc_title -->[vc_empty_space alter_height=&#8221;small&#8221; hide_on_mobile=&#8221;&#8221; css=&#8221;.vc_custom_1485250343677{margin-bottom: 0.7rem !important;}&#8221;][vc_column_text css=&#8221;.vc_custom_1676465293507{margin-right: 3rem !important;border-left-width: 2px !important;padding-left: 3rem !important;border-left-color: #c6b477 !important;border-left-style: solid !important;}&#8221;]<\/p>\n<p style=\"text-align: justify;\">Treballem amb un ventall molt ampli d\u2019\u00e0rees d\u2019especialitat, per\u00f2 en destaca la nostra experi\u00e8ncia en empreses emergents relacionades amb les noves tecnologies, ra\u00f3 per la que comptem amb un grup considerable de\u00a0<em>startups<\/em>\u00a0\u00a0entre els nostres clients. Aix\u00ed mateix, assessorem a companyies de sectors tan diversos com el qu\u00edmic, t\u00e8xtil, construcci\u00f3, metall, c\u00e0rnic<em>, tour operators<\/em>,\u00a0<em>trading,<\/em>\u00a0inform\u00e0tica, m\u00e8dic-farmac\u00e8utic, entre d\u2019altres. Per altra banda, ens ocupem de recursos davant dels tribunals administratius, amb un alt grau d\u2019especialitzaci\u00f3 en la mat\u00e8ria.<\/p>\n<p>[\/vc_column_text][vc_empty_space alter_height=&#8221;medium&#8221; hide_on_mobile=&#8221;&#8221; css=&#8221;.vc_custom_1485250422706{margin-bottom: 0.6rem !important;}&#8221;]<div class=\"sc_item_button sc_button_wrap sc_align_center\"><a href=\"\/ca\/serveis\" id=\"sc_button_959969993\" class=\"sc_button sc_button_dark_button sc_button_size_normal sc_button_icon_left\"><span class=\"sc_button_text\"><span class=\"sc_button_title\">Descobreix els nostres serveis<\/span><\/span><!-- \/.sc_button_text --><\/a><!-- \/.sc_button --><\/div><!-- \/.sc_item_button -->[vc_empty_space alter_height=&#8221;medium&#8221; hide_on_mobile=&#8221;&#8221; css=&#8221;.vc_custom_1485250422706{margin-bottom: 0.6rem !important;}&#8221;][\/vc_column][\/vc_row][vc_row full_width=&#8221;stretch_row&#8221; css=&#8221;.vc_custom_1675417297302{background-color: #faf9f5 !important;}&#8221;][vc_column][vc_empty_space alter_height=&#8221;none&#8221; hide_on_mobile=&#8221;&#8221;][\/vc_column][\/vc_row][vc_row full_width=&#8221;stretch_row&#8221; css=&#8221;.vc_custom_1675416793999{background-color: #faf9f5 !important;}&#8221;][vc_column width=&#8221;1\/2&#8243; css=&#8221;.vc_custom_1675423203639{padding-right: 6rem !important;}&#8221;][vc_empty_space height=&#8221;15px&#8221; alter_height=&#8221;small&#8221; hide_on_mobile=&#8221;&#8221; css=&#8221;.vc_custom_1675928812553{margin-bottom: 0.7rem !important;}&#8221;]<div id=\"sc_title_1843269747\"\r\n\t\tclass=\"sc_title sc_title_default\"><h6 class=\"sc_item_subtitle sc_title_subtitle sc_align_default sc_item_title_style_default\">El nostre equip<\/h6><h3 class=\"sc_item_title sc_title_title sc_align_default sc_item_title_style_default\">Plantilla de professionals estable<\/h3><\/div><!-- \/.sc_title -->[vc_empty_space alter_height=&#8221;small&#8221; hide_on_mobile=&#8221;&#8221; css=&#8221;.vc_custom_1485250343677{margin-bottom: 0.7rem !important;}&#8221;][vc_column_text css=&#8221;.vc_custom_1676463987108{margin-right: 3rem !important;border-left-width: 2px !important;padding-left: 3rem !important;border-left-color: #c6b477 !important;border-left-style: solid !important;}&#8221;]<\/p>\n<p style=\"text-align: justify;\">El soci director de la companyia \u00e9s <strong>\u00c1ngel E. P\u00e9rez L\u00f3pez<\/strong>\u00a0i el director general \u00e9s\u00a0<strong>Bartolom\u00e9 Rom\u00e1n Ant\u00f3n,<\/strong> tots dos assessors fiscals especialitzats en dret tributari empresarial, estant inscrits als registres d\u2019assessors fiscals. Comptem amb una plantilla de professionals estable, per la qual cosa garantim la confidencialitat de les dades dels nostres clients aix\u00ed com un s\u00f2lid coneixement de la seva din\u00e0mica, a m\u00e9s de proporcionar un servei amb integritat i professionalitat.<\/p>\n<p>[\/vc_column_text][vc_empty_space alter_height=&#8221;medium&#8221; hide_on_mobile=&#8221;&#8221; css=&#8221;.vc_custom_1485250422706{margin-bottom: 0.6rem !important;}&#8221;]<div class=\"sc_item_button sc_button_wrap sc_align_center\"><a href=\"\/ca\/equip\" id=\"sc_button_525295164\" class=\"sc_button sc_button_dark_button sc_button_size_normal sc_button_icon_left\"><span class=\"sc_button_text\"><span class=\"sc_button_title\">Coneix el nostre equip<\/span><\/span><!-- \/.sc_button_text --><\/a><!-- \/.sc_button --><\/div><!-- \/.sc_item_button -->[vc_empty_space alter_height=&#8221;none&#8221; hide_on_mobile=&#8221;&#8221; css=&#8221;.vc_custom_1675422818858{margin-bottom: 0.6rem !important;}&#8221;][\/vc_column][vc_column width=&#8221;1\/2&#8243;][vc_row_inner][vc_column_inner width=&#8221;1\/2&#8243;][vc_empty_space height=&#8221;20px&#8221; alter_height=&#8221;none&#8221; hide_on_mobile=&#8221;&#8221;][vc_single_image image=&#8221;1250&#8243; img_size=&#8221;full&#8221; alignment=&#8221;center&#8221;][vc_empty_space height=&#8221;10px&#8221; alter_height=&#8221;none&#8221; hide_on_mobile=&#8221;&#8221;][vc_column_text]<\/p>\n<h5 class=\"mkdf-team-name\" style=\"text-align: center;\"><strong>\u00c1ngel-Enrique P\u00e9rez<\/strong><\/h5>\n<p style=\"text-align: center;\">Socio-Director<\/p>\n<p>[\/vc_column_text][\/vc_column_inner][vc_column_inner width=&#8221;1\/2&#8243;][vc_empty_space height=&#8221;20px&#8221; alter_height=&#8221;none&#8221; hide_on_mobile=&#8221;&#8221;][vc_single_image image=&#8221;1249&#8243; img_size=&#8221;full&#8221; alignment=&#8221;center&#8221;][vc_empty_space height=&#8221;10px&#8221; alter_height=&#8221;none&#8221; hide_on_mobile=&#8221;&#8221;][vc_column_text]<\/p>\n<h5 class=\"mkdf-team-name\" style=\"text-align: center;\"><strong>Bartolom\u00e9 Rom\u00e1n<\/strong><\/h5>\n<p style=\"text-align: center;\">Assessor Fiscal i Director General<\/p>\n<p>[\/vc_column_text][\/vc_column_inner][\/vc_row_inner][vc_empty_space alter_height=&#8221;none&#8221; hide_on_mobile=&#8221;&#8221;][\/vc_column][\/vc_row]<\/p>\n<\/div>","protected":false},"excerpt":{"rendered":"<p>[vc_row][vc_column][vc_empty_space height=&#8221;20px&#8221; alter_height=&#8221;medium&#8221; hide_on_mobile=&#8221;&#8221; css=&#8221;.vc_custom_1675929166041{margin-bottom: 1.3rem !important;}&#8221;][\/vc_column][vc_column width=&#8221;1\/2&#8243;][vc_single_image image=&#8221;1422&#8243; img_size=&#8221;full&#8221;][vc_empty_space alter_height=&#8221;huge&#8221; hide_on_mobile=&#8221;&#8221;][\/vc_column][vc_column width=&#8221;1\/2&#8243; offset=&#8221;vc_col-sm-offset-0&#8243; css=&#8221;.vc_custom_1675423101572{margin-top: -0.15rem !important;padding-left: 6rem !important;}&#8221;][vc_empty_space alter_height=&#8221;small&#8221; hide_on_mobile=&#8221;&#8221; css=&#8221;.vc_custom_1485250343677{margin-bottom: 0.7rem !important;}&#8221;][vc_column_text css=&#8221;.vc_custom_1676465275228{margin-right: 3rem !important;border-left-width: 2px !important;padding-left: 3rem !important;border-left-color: #c6b477 !important;border-left-style: solid !important;}&#8221;] CEASA ASESORES FISCALES, S.L \u00e9s una companyia fundada l&#8217;any 1983. Oferim serveis d&#8217;assessoria fiscal i laboral, i d&#8217;altres relacionats amb aquests \u00e0mbits. Col\u00b7laborem estretament amb&hellip;<\/p>\n","protected":false},"author":1,"featured_media":0,"parent":0,"menu_order":0,"comment_status":"closed","ping_status":"closed","template":"","meta":{"footnotes":""},"class_list":["post-1809","page","type-page","status-publish","hentry"],"aioseo_notices":[],"_links":{"self":[{"href":"https:\/\/ceasa.com\/ca\/wp-json\/wp\/v2\/pages\/1809","targetHints":{"allow":["GET"]}}],"collection":[{"href":"https:\/\/ceasa.com\/ca\/wp-json\/wp\/v2\/pages"}],"about":[{"href":"https:\/\/ceasa.com\/ca\/wp-json\/wp\/v2\/types\/page"}],"author":[{"embeddable":true,"href":"https:\/\/ceasa.com\/ca\/wp-json\/wp\/v2\/users\/1"}],"replies":[{"embeddable":true,"href":"https:\/\/ceasa.com\/ca\/wp-json\/wp\/v2\/comments?post=1809"}],"version-history":[{"count":6,"href":"https:\/\/ceasa.com\/ca\/wp-json\/wp\/v2\/pages\/1809\/revisions"}],"predecessor-version":[{"id":1810,"href":"https:\/\/ceasa.com\/ca\/wp-json\/wp\/v2\/pages\/1809\/revisions\/1810"}],"wp:attachment":[{"href":"https:\/\/ceasa.com\/ca\/wp-json\/wp\/v2\/media?parent=1809"}],"curies":[{"name":"wp","href":"https:\/\/api.w.org\/{rel}","templated":true}]}}