{"id":1445,"date":"2023-02-02T07:36:25","date_gmt":"2023-02-02T07:36:25","guid":{"rendered":"https:\/\/ceasa.com\/contacto\/"},"modified":"2025-03-03T07:19:28","modified_gmt":"2025-03-03T07:19:28","slug":"contacte","status":"publish","type":"page","link":"https:\/\/ceasa.com\/ca\/contacte\/","title":{"rendered":"Contacte"},"content":{"rendered":"<div class=\"wpb-content-wrapper\"><p>[vc_row full_width=&#8221;stretch_row_content_no_spaces&#8221; css=&#8221;.vc_custom_1675409329310{background-color: #faf9f5 !important;}&#8221;][vc_column width=&#8221;1\/2&#8243;][vc_row_inner][vc_column_inner width=&#8221;1\/3&#8243;][\/vc_column_inner][vc_column_inner width=&#8221;6\/12&#8243; css=&#8221;.vc_custom_1484489397824{padding-left: 2.9em !important;}&#8221;][vc_empty_space alter_height=&#8221;large&#8221; hide_on_mobile=&#8221;&#8221;]<div id=\"sc_title_1161474802\"\r\n\t\tclass=\"sc_title sc_title_default\"><h6 class=\"sc_item_subtitle sc_title_subtitle sc_align_left sc_item_title_style_default\">Informaci\u00f3 de contacte<\/h6><h3 class=\"sc_item_title sc_title_title sc_align_left sc_item_title_style_default\">Contacte<\/h3><\/div><!-- \/.sc_title -->[vc_empty_space alter_height=&#8221;medium&#8221; hide_on_mobile=&#8221;&#8221; css=&#8221;.vc_custom_1484297952371{margin-top: 0.4rem !important;}&#8221;][vc_column_text css=&#8221;.vc_custom_1740986375263{border-left-width: 2px !important;padding-left: 3em !important;border-left-style: solid !important;border-color: #c6b477 !important;}&#8221;]<span class=\"trx_addons_accentmargin\"><strong>Direcci\u00f3<\/strong>:<\/span><\/p>\n<p><span class=\"trx_addons_accentmargin\">Carrer:<\/span> Diputaci\u00f3, 238, 5\u00e8-1\u00aa, 08007, Barcelona<br \/>\n<span class=\"trx_addons_accentmargin\">Tel\u00e8fon:<\/span> 934.88.26.26<br \/>\n<span class=\"trx_addons_accentmargin\">Email:<\/span> <a href=\"mailto:info@ceasa.com\">info@ceasa.com<\/a><\/p>\n<p><strong>Horari<\/strong>:<\/p>\n<p>Dilluns a dijous de 8:30h a 18h<br \/>\nDivendres de 8:30h a 15h[\/vc_column_text][vc_empty_space height=&#8221;15px&#8221; alter_height=&#8221;none&#8221; hide_on_mobile=&#8221;&#8221; css=&#8221;.vc_custom_1675410468921{margin-top: 0.6rem !important;}&#8221;][\/vc_column_inner][\/vc_row_inner][\/vc_column][vc_column width=&#8221;1\/2&#8243;][vc_row_inner css=&#8221;.vc_custom_1675409408589{background-color: #ffffff !important;}&#8221;][vc_column_inner width=&#8221;1\/6&#8243;][\/vc_column_inner][vc_column_inner width=&#8221;4\/6&#8243; css=&#8221;.vc_custom_1484489397824{padding-left: 2.9em !important;}&#8221;][vc_empty_space height=&#8221;5px&#8221; alter_height=&#8221;large&#8221; hide_on_mobile=&#8221;&#8221;]<div id=\"sc_title_615385424\"\r\n\t\tclass=\"sc_title sc_title_default\"><h6 class=\"sc_item_subtitle sc_title_subtitle sc_align_left sc_item_title_style_default\">Tens algun dubte?<\/h6><h3 class=\"sc_item_title sc_title_title sc_align_left sc_item_title_style_default\">Contacta amb nosaltres<\/h3><\/div><!-- \/.sc_title -->[vc_empty_space height=&#8221;5px&#8221; alter_height=&#8221;none&#8221; hide_on_mobile=&#8221;&#8221; css=&#8221;.vc_custom_1675410404065{margin-top: 1.1rem !important;}&#8221;]\n<div class=\"wpcf7 no-js\" id=\"wpcf7-f1791-o1\" lang=\"en-US\" dir=\"ltr\" data-wpcf7-id=\"1791\">\n<div class=\"screen-reader-response\"><p role=\"status\" aria-live=\"polite\" aria-atomic=\"true\"><\/p> <ul><\/ul><\/div>\n<form action=\"\/ca\/wp-json\/wp\/v2\/pages\/1445#wpcf7-f1791-o1\" method=\"post\" class=\"wpcf7-form init\" aria-label=\"Contact form\" novalidate=\"novalidate\" data-status=\"init\">\n<div style=\"display: none;\">\n<input type=\"hidden\" name=\"_wpcf7\" value=\"1791\" \/>\n<input type=\"hidden\" name=\"_wpcf7_version\" value=\"6.0.1\" \/>\n<input type=\"hidden\" name=\"_wpcf7_locale\" value=\"en_US\" \/>\n<input type=\"hidden\" name=\"_wpcf7_unit_tag\" value=\"wpcf7-f1791-o1\" \/>\n<input type=\"hidden\" name=\"_wpcf7_container_post\" value=\"0\" \/>\n<input type=\"hidden\" name=\"_wpcf7_posted_data_hash\" value=\"\" \/>\n<\/div>\n<p><label> Nom*<br \/>\n<span class=\"wpcf7-form-control-wrap\" data-name=\"akismet:author\"><input size=\"40\" maxlength=\"400\" class=\"wpcf7-form-control wpcf7-text wpcf7-validates-as-required\" aria-required=\"true\" aria-invalid=\"false\" value=\"\" type=\"text\" name=\"akismet:author\" \/><\/span> <\/label>\n<\/p>\n<p><label> Correu*<br \/>\n<span class=\"wpcf7-form-control-wrap\" data-name=\"akismet:author_email\"><input size=\"40\" maxlength=\"400\" class=\"wpcf7-form-control wpcf7-email wpcf7-validates-as-required wpcf7-text wpcf7-validates-as-email\" aria-required=\"true\" aria-invalid=\"false\" value=\"\" type=\"email\" name=\"akismet:author_email\" \/><\/span> <\/label>\n<\/p>\n<p><label> Missatge*<br \/>\n<span class=\"wpcf7-form-control-wrap\" data-name=\"Missatge\"><textarea cols=\"40\" rows=\"10\" maxlength=\"2000\" class=\"wpcf7-form-control wpcf7-textarea wpcf7-validates-as-required clase-formtextarea\" aria-required=\"true\" aria-invalid=\"false\" name=\"Missatge\"><\/textarea><\/span> <\/label>\n<\/p>\n<div>\n\t<p style=\"font-size: 12px; text-align: justify;\"><span class=\"wpcf7-form-control-wrap\" data-name=\"acceptance-infcomercial\"><span class=\"wpcf7-form-control wpcf7-acceptance\"><span class=\"wpcf7-list-item\"><label><input type=\"checkbox\" name=\"acceptance-infcomercial\" value=\"1\" aria-invalid=\"false\" \/><span class=\"wpcf7-list-item-label\">Accepto rebre informaci\u00f3 comercial, incl\u00fas per mitjans electr\u00f2nics.<\/span><\/label><\/span><\/span><\/span>\n\t<\/p>\n\t<p style=\"font-size: 12px; text-align: justify;\"><span class=\"wpcf7-form-control-wrap\" data-name=\"acceptance-rgpd\"><span class=\"wpcf7-form-control wpcf7-acceptance\"><span class=\"wpcf7-list-item\"><label><input type=\"checkbox\" name=\"acceptance-rgpd\" value=\"1\" aria-invalid=\"false\" \/><span class=\"wpcf7-list-item-label\">He llegit i accepto la <a href=\"\/politica-de-privacitat\" target=\"_blank\">pol\u00edtica de privacitat<\/a>.<\/span><\/label><\/span><\/span><\/span>\n\t<\/p>\n<\/div>\n<p><input class=\"wpcf7-form-control wpcf7-submit has-spinner\" type=\"submit\" value=\"Enviar\" \/>\n<\/p><p style=\"display: none !important;\" class=\"akismet-fields-container\" data-prefix=\"_wpcf7_ak_\"><label>&#916;<textarea name=\"_wpcf7_ak_hp_textarea\" cols=\"45\" rows=\"8\" maxlength=\"100\"><\/textarea><\/label><input type=\"hidden\" id=\"ak_js_1\" name=\"_wpcf7_ak_js\" value=\"96\"\/><script>document.getElementById( \"ak_js_1\" ).setAttribute( \"value\", ( new Date() ).getTime() );<\/script><\/p><div class=\"wpcf7-response-output\" aria-hidden=\"true\"><\/div>\n<\/form>\n<\/div>\n[vc_empty_space height=&#8221;15px&#8221; alter_height=&#8221;none&#8221; hide_on_mobile=&#8221;&#8221; css=&#8221;.vc_custom_1675410468921{margin-top: 0.6rem !important;}&#8221;][\/vc_column_inner][vc_column_inner width=&#8221;1\/6&#8243;][\/vc_column_inner][\/vc_row_inner][\/vc_column][\/vc_row][vc_row full_width=&#8221;stretch_row_content&#8221;][vc_column]<div id=\"sc_googlemap_1138597587_wrap\" class=\"sc_googlemap_wrap\"><div id=\"sc_googlemap_1138597587\"\r\n\t\t\tclass=\"sc_googlemap sc_googlemap_default\"\r\n\t\t\t style=\"width:100%;height:610px;\"\t\t\tdata-zoom=\"16\"\r\n\t\t\tdata-style=\"grey\"\r\n\t\t\t><iframe\r\n                    src=\"https:\/\/maps.google.com\/maps?t=m&output=embed&iwloc=near&z=16&q=C%2F+de+Val%C3%A8ncia%2C+231%2C+2%2C+08007+Barcelona\"\r\n                    scrolling=\"no\"\r\n                    marginheight=\"0\"\r\n                    marginwidth=\"0\"\r\n                    frameborder=\"0\"\r\n                    aria-label=\"\"><\/iframe><\/div><\/div><!-- \/.sc_googlemap_wrap -->[\/vc_column][\/vc_row]<\/p>\n<\/div>","protected":false},"excerpt":{"rendered":"<p>[vc_row full_width=&#8221;stretch_row_content_no_spaces&#8221; css=&#8221;.vc_custom_1675409329310{background-color: #faf9f5 !important;}&#8221;][vc_column width=&#8221;1\/2&#8243;][vc_row_inner][vc_column_inner width=&#8221;1\/3&#8243;][\/vc_column_inner][vc_column_inner width=&#8221;6\/12&#8243; css=&#8221;.vc_custom_1484489397824{padding-left: 2.9em !important;}&#8221;][vc_empty_space alter_height=&#8221;large&#8221; hide_on_mobile=&#8221;&#8221;][vc_empty_space alter_height=&#8221;medium&#8221; hide_on_mobile=&#8221;&#8221; css=&#8221;.vc_custom_1484297952371{margin-top: 0.4rem !important;}&#8221;][vc_column_text css=&#8221;.vc_custom_1740986375263{border-left-width: 2px !important;padding-left: 3em !important;border-left-style: solid !important;border-color: #c6b477 !important;}&#8221;]Direcci\u00f3: Carrer: Diputaci\u00f3, 238, 5\u00e8-1\u00aa, 08007, Barcelona Tel\u00e8fon: 934.88.26.26 Email: info@ceasa.com Horari: Dilluns a dijous de 8:30h a 18h Divendres de 8:30h a 15h[\/vc_column_text][vc_empty_space height=&#8221;15px&#8221; alter_height=&#8221;none&#8221; hide_on_mobile=&#8221;&#8221; css=&#8221;.vc_custom_1675410468921{margin-top: 0.6rem !important;}&#8221;][\/vc_column_inner][\/vc_row_inner][\/vc_column][vc_column width=&#8221;1\/2&#8243;][vc_row_inner css=&#8221;.vc_custom_1675409408589{background-color: #ffffff !important;}&#8221;][vc_column_inner&hellip;<\/p>\n","protected":false},"author":1,"featured_media":0,"parent":0,"menu_order":0,"comment_status":"closed","ping_status":"closed","template":"","meta":{"footnotes":""},"class_list":["post-1445","page","type-page","status-publish","hentry"],"aioseo_notices":[],"_links":{"self":[{"href":"https:\/\/ceasa.com\/ca\/wp-json\/wp\/v2\/pages\/1445","targetHints":{"allow":["GET"]}}],"collection":[{"href":"https:\/\/ceasa.com\/ca\/wp-json\/wp\/v2\/pages"}],"about":[{"href":"https:\/\/ceasa.com\/ca\/wp-json\/wp\/v2\/types\/page"}],"author":[{"embeddable":true,"href":"https:\/\/ceasa.com\/ca\/wp-json\/wp\/v2\/users\/1"}],"replies":[{"embeddable":true,"href":"https:\/\/ceasa.com\/ca\/wp-json\/wp\/v2\/comments?post=1445"}],"version-history":[{"count":4,"href":"https:\/\/ceasa.com\/ca\/wp-json\/wp\/v2\/pages\/1445\/revisions"}],"predecessor-version":[{"id":2085,"href":"https:\/\/ceasa.com\/ca\/wp-json\/wp\/v2\/pages\/1445\/revisions\/2085"}],"wp:attachment":[{"href":"https:\/\/ceasa.com\/ca\/wp-json\/wp\/v2\/media?parent=1445"}],"curies":[{"name":"wp","href":"https:\/\/api.w.org\/{rel}","templated":true}]}}